{"id":3043,"date":"2025-01-13T06:15:51","date_gmt":"2025-01-13T05:15:51","guid":{"rendered":"https:\/\/soulgym.hu\/frequently-asked-questions\/"},"modified":"2025-04-09T10:56:34","modified_gmt":"2025-04-09T08:56:34","slug":"frequently-asked-questions","status":"publish","type":"page","link":"https:\/\/soulgym.hu\/en\/frequently-asked-questions\/","title":{"rendered":"Frequently asked questions"},"content":{"rendered":"\t\t<div data-elementor-type=\"wp-page\" data-elementor-id=\"3043\" class=\"elementor elementor-3043 elementor-49\" data-elementor-post-type=\"page\">\n\t\t\t\t<div class=\"elementor-element elementor-element-76c33ba e-con-full e-flex e-con e-parent\" data-id=\"76c33ba\" data-element_type=\"container\">\n\t\t<div class=\"elementor-element elementor-element-2b63de5 dbg_c_responsive e-flex e-con-boxed e-con e-child\" data-id=\"2b63de5\" data-element_type=\"container\">\n\t\t\t\t\t<div class=\"e-con-inner\">\n\t\t\t\t<div class=\"elementor-element elementor-element-cc8dab2 elementor-widget elementor-widget-dbg-e-icon\" data-id=\"cc8dab2\" data-element_type=\"widget\" data-widget_type=\"dbg-e-icon.default\">\n\t\t\t\t<div class=\"elementor-widget-container\">\n\t\t\t\t\t\t\r\n\t\t<div class=\"dbg_e_icon dbg_e_flex_wrap\">\r\n\t\r\n\t\t\t\t\t\t\t<div class=\"dbg_e_icon__wrap dbg_e_flex_wrap\">\r\n\t\t\t<div class=\"dbg_e_icon__icon dbg_e_flex_wrap\"><svg xmlns=\"http:\/\/www.w3.org\/2000\/svg\" xmlns:xlink=\"http:\/\/www.w3.org\/1999\/xlink\" id=\"soul-gym-subtitle-icon\" x=\"0px\" y=\"0px\" viewBox=\"0 0 480 225\" xml:space=\"preserve\"><path id=\"soul-gym-subtitle-icon-fekete\" d=\"M355.1,95.2l-0.7-0.2H30c0,4,0,8,0,12h322.9c2.4,0.8,4.1,3,4.1,5.4 c0.1,2.6-1.6,5-4.2,5.9H0c0,4,0,8,0,12h354.4l0.7-0.2c8.3-2.1,14.1-9.7,13.8-18.1C368.7,104.1,363,97.2,355.1,95.2z\"><\/path><path id=\"soul-gym-subtitle-icon-szin_00000048489125627247412230000011287633568732673458_\" fill=\"#5B99FF\" d=\"M351.7,81.5V17.8 c0-2.5,2-4.5,4.5-4.5h27.6c2.5,0,4.5,2,4.5,4.5v189.3c0,2.5-2,4.5-4.5,4.5h-27.6c-2.5,0-4.5-2-4.5-4.5v-62.7c-4.4,0-8.9,0-13.3,0 v62.7c0,9.8,8,17.8,17.9,17.8h27.6c9.9,0,17.9-8,17.9-17.8V17.8c0-9.8-8-17.8-17.9-17.8h-27.6c-9.9,0-17.9,8-17.9,17.8v63.6H351.7z\"><\/path><path id=\"soul-gym-subtitle-icon-szin_00000057857903338225957390000003483204469529051562_\" fill=\"#5B99FF\" d=\"M425.5,198.1h-21 c-7.5,0-13.6-6.1-13.6-13.6V40.5c0-7.5,6.1-13.6,13.6-13.6h21c7.5,0,13.6,6.1,13.6,13.6v144.1C439.1,192,433,198.1,425.5,198.1z  M404.5,37c-1.9,0-3.4,1.5-3.4,3.4v144.1c0,1.9,1.5,3.4,3.4,3.4h21c1.9,0,3.4-1.5,3.4-3.4V40.5c0-1.9-1.5-3.4-3.4-3.4H404.5z\"><\/path><path id=\"soul-gym-subtitle-icon-szin_00000170985328859628030780000017323115901398710675_\" fill=\"#5B99FF\" d=\"M456.6,178.3h-16.1 c-5.8,0-10.4-4.7-10.4-10.4V57.1c0-5.8,4.7-10.4,10.4-10.4h16.1c5.8,0,10.4,4.7,10.4,10.4v110.7 C467.1,173.6,462.4,178.3,456.6,178.3z M440.5,54.5c-1.5,0-2.6,1.2-2.6,2.6v110.7c0,1.5,1.2,2.6,2.6,2.6h16.1c1.5,0,2.6-1.2,2.6-2.6 V57.1c0-1.5-1.2-2.6-2.6-2.6H440.5z\"><\/path><path id=\"soul-gym-subtitle-icon-szin\" fill=\"#5B99FF\" d=\"M466.8,140c-3.3,0-6-2.7-6-6V91.1c0-3.3,2.7-6,6-6h6.2c3.3,0,6,2.7,6,6 v42.8c0,3.3-2.7,6-6,6H466.8z M472.1,132.9V92.1h-4.3v40.9H472.1z\"><\/path><\/svg><\/div><div class=\"dbg_e_icon__text dbg_e_flex_wrap\">F.A.Q.<\/div>\t\t\t\t<\/div>\r\n\t\t\t\t\r\n\t\t<\/div>\r\n\t\r\n\t\t\t\t\t\t<\/div>\n\t\t\t\t<\/div>\n\t\t\t\t<div class=\"elementor-element elementor-element-1111dbe elementor-widget elementor-widget-dbg-e-heding\" data-id=\"1111dbe\" data-element_type=\"widget\" data-widget_type=\"dbg-e-heding.default\">\n\t\t\t\t<div class=\"elementor-widget-container\">\n\t\t\t\t\t\t\t\n\t\t<div class=\"dbg_heading heading_\">\n\t\t\t<div class=\"dbg_heading_inner\">\n\t\t\t\t<div class=\"dbg_heading_title_wrap\">\n\t\t\t\t\t<h1 class=\"dbg_heading_title\">\t\t\t\t\t\n\t\t\t\t\t\t<span class=\"dbg_ew_heading_title\">\t\t\t\t\t\t\n\t\t\t\t\t\t\tfrequently asked <span style=\"color:var(--e-global-color-primary);\">questions<\/span>\t\t\t\t\t\t\t\n\t\t\t\t\t\t<\/span>\t\t\t\t\t\t\n\t\t\t\t\t<\/h1>\t\t\t\t<\/div>\n\t\t\t<\/div>\n\t\t<\/div>\n\t\t\n\t\t\t\t\t\t<\/div>\n\t\t\t\t<\/div>\n\t\t\t\t<div class=\"elementor-element elementor-element-7763995 elementor-widget elementor-widget-dbg-e-separator\" data-id=\"7763995\" data-element_type=\"widget\" data-widget_type=\"dbg-e-separator.default\">\n\t\t\t\t<div class=\"elementor-widget-container\">\n\t\t\t\t\t\t\t\r\n\t\t<div class=\"dbg_e_separator\">\r\n\t\t\t<span class=\"dbg_e_separator__wrap\"><\/span>\r\n\t\t<\/div>\r\n\t\t\r\n\t\t\t\t\t\t<\/div>\n\t\t\t\t<\/div>\n\t\t\t\t<div class=\"elementor-element elementor-element-755b4e4 elementor-widget elementor-widget-text-editor\" data-id=\"755b4e4\" data-element_type=\"widget\" data-widget_type=\"text-editor.default\">\n\t\t\t\t\t\t\t\t\tHow can we assist you?\t\t\t\t\t\t\t\t<\/div>\n\t\t\t\t<div class=\"elementor-element elementor-element-a604ff8 elementor-widget elementor-widget-text-editor\" data-id=\"a604ff8\" data-element_type=\"widget\" data-widget_type=\"text-editor.default\">\n\t\t\t\t\t\t\t\t\t<p>If you have any questions, please review our answers to the most frequently asked questions. If you don\u2019t find the information you need, feel free to contact us.<\/p>\n\t\t\t\t\t\t\t\t<\/div>\n\t\t\t\t\t<\/div>\n\t\t\t\t<\/div>\n\t\t\t\t<\/div>\n\t\t<div class=\"elementor-element elementor-element-579cbbe e-con-full e-flex e-con e-parent\" data-id=\"579cbbe\" data-element_type=\"container\">\n\t\t<div class=\"elementor-element elementor-element-0b039aa dbg_c_responsive e-flex e-con-boxed e-con e-child\" data-id=\"0b039aa\" data-element_type=\"container\">\n\t\t\t\t\t<div class=\"e-con-inner\">\n\t\t\t\t<div class=\"elementor-element elementor-element-e0e3af7 dbg-elementor-posts-flex elementor-grid-2 elementor-align-center elementor-grid-tablet-1 dbg_e_post__masked__style_1 dbg_e_post__masked__style_1_has_pseudo elementor-widget elementor-widget-dbg_post_accordion\" data-id=\"e0e3af7\" data-element_type=\"widget\" data-settings=\"{&quot;skin_accordion_columns&quot;:&quot;2&quot;,&quot;pagination_type&quot;:&quot;load_more_on_click&quot;,&quot;skin_accordion_columns_tablet&quot;:&quot;1&quot;,&quot;skin_accordion_row_gap_tablet_extra&quot;:{&quot;unit&quot;:&quot;px&quot;,&quot;size&quot;:20,&quot;sizes&quot;:[]},&quot;skin_accordion_row_gap&quot;:{&quot;unit&quot;:&quot;px&quot;,&quot;size&quot;:30,&quot;sizes&quot;:[]},&quot;skin_accordion_row_gap_laptop&quot;:{&quot;unit&quot;:&quot;px&quot;,&quot;size&quot;:&quot;&quot;,&quot;sizes&quot;:[]},&quot;skin_accordion_row_gap_tablet&quot;:{&quot;unit&quot;:&quot;px&quot;,&quot;size&quot;:&quot;&quot;,&quot;sizes&quot;:[]},&quot;skin_accordion_row_gap_mobile_extra&quot;:{&quot;unit&quot;:&quot;px&quot;,&quot;size&quot;:&quot;&quot;,&quot;sizes&quot;:[]},&quot;skin_accordion_row_gap_mobile&quot;:{&quot;unit&quot;:&quot;px&quot;,&quot;size&quot;:&quot;&quot;,&quot;sizes&quot;:[]},&quot;load_more_spinner&quot;:{&quot;value&quot;:&quot;fas fa-spinner&quot;,&quot;library&quot;:&quot;fa-solid&quot;}}\" data-widget_type=\"dbg_post_accordion.skin_accordion\">\n\t\t\t\t<div class=\"elementor-widget-container\">\n\t\t\t\t\t\t\t<div class=\"elementor-posts-container elementor-posts  elementor-posts--skin-skin_accordion elementor-grid\">\n\t\t\n\t\t\t\t\n\t\t<article class=\"elementor-post elementor-grid-item dbg_e_flex_wrap dbg_post_accordion_235813623 post-3145 dbg_cpt_gyik type-dbg_cpt_gyik status-publish format-standard has-post-thumbnail hentry tag-coed tag-gym-en tag-gym tag-shower tag-shower-enclosure tag-soul-gym-en dbg_cpt_gyik_kategoria-biztonsag-es-higienia-en\">\t\t<div class=\"dbg_e_post__content_wrap dbg_e_flex_wrap dbg_e_accordion_header\">\n\t\t\r\n        <div class=\"dbg_e_mod_post__thumbnail__cover\">\r\n            \r\n            \r\n            <div class=\"elementor-post__thumbnail dbg_e_mod_post__thumbnail__wrap\">\r\n                                    <span class=\"dbg_e_mod_post__thumbnail__inner__link\">\r\n                \r\n                <!-- K\u00e9p megjelen\u00edt\u00e9se img elemk\u00e9nt h\u00e1tt\u00e9rk\u00e9p helyett -->\r\n                <img decoding=\"async\" src=\"https:\/\/soulgym.hu\/wp-content\/uploads\/2025\/01\/sulyzo-sport-konditerem-004-soul-gym-dreamstime-480x320.jpg\" alt=\"Are there changing rooms and showers?\" class=\"dbg_e_mod_post__link_thumbnail\" \/>\r\n\r\n                \r\n                                    <\/span>\r\n                            <\/div>\r\n        <\/div>\r\n\r\n        \t\t<div class=\"elementor-post__text\">\n\t\t\t<div class=\"dbg_e_mod_post__text_inner\">\n\t\t\r\n        <h3 class=\"elementor-post__title\">\r\n\r\n                        \r\n                            <span>\r\n            \r\n            Are there changing rooms and showers?\r\n                            <\/span>\r\n            \r\n        <\/h3>\r\n\r\n        \t\t<div class=\"elementor-post__meta-data dbg_e_post_meta__wrap dbg_e_flex_wrap\">\n\t\t\t<div class=\"dbg_post_taxonomy dbg_e_flex_wrap\"><a href=\"https:\/\/soulgym.hu\/en\/gyik-kategoria\/biztonsag-es-higienia-en\/\">Biztons\u00e1g \u00e9s higi\u00e9nia<\/a><\/div>        <div class=\"dbg_post_avatar\">\r\n            <img src='https:\/\/soulgym.hu\/wp-content\/uploads\/2025\/02\/soul-gym-logo-profile-150x150.png' class='avatar avatar-20 photo' alt='Soul Gym' height='20' width='20' \/>        <\/div>\r\n        \t\t<span class=\"elementor-post-author\">\n\t\t\tSoul Gym\t\t<\/span>\n\t\t\t\t<span class=\"elementor-post-date\">\n\t\t\t2025. February 15.\t\t<\/span>\n\t\t\t\t<\/div>\n\t\t        <div class=\"elementor-post__excerpt\">\r\n\r\n            <p>The Soul Gym gym also has 5 private showers in the coed changing rooms with<span class=\"dbg_text_string__append\"> [\u2026]<\/span><\/p>\r\n        <\/div>\r\n        \t\t\t<\/div>\n\t\t<\/div>\n\t\t<div class=\"dbg_e_accordion__indicator\"><div class=\"dbg_e_accordion__indicator__wrap\"><svg class=\"dbg-icon dbg-icon-angle-down\"><use xlink:href=\"#dbg-icon-angle-down\"><\/use><\/svg><\/div><\/div>\t\t<\/div>\n\t\t<div class=\"dbg_e_accordion_content\"><div class=\"dbg_e_post_full_content dbg_e_post_content\">\n<p>The Soul Gym gym also has 5 private showers in the coed changing rooms with lockers.<\/p>\n            <div class=\"elementor-post__read-more-wrapper dbg_e_post__read_more\">\r\n            \r\n        <a class=\"elementor-post__read-more\" href=\"https:\/\/soulgym.hu\/en\/gyik\/are-there-changing-rooms-and-showers\/\" aria-label=\"Read more about Are there changing rooms and showers?\" >\r\n            <div class=\"dbg_e_post__read_more__inner dbg_e_flex_wrap\">\r\n                                    <span class=\"dbg_e_post__read_more__text\">Read more<\/span>\r\n                                        <span class=\"dbg_e_post__read_more__icon\"><svg aria-hidden=\"true\" class=\"e-font-icon-svg e-fas-arrow-right\" viewBox=\"0 0 448 512\" xmlns=\"http:\/\/www.w3.org\/2000\/svg\"><path d=\"M190.5 66.9l22.2-22.2c9.4-9.4 24.6-9.4 33.9 0L441 239c9.4 9.4 9.4 24.6 0 33.9L246.6 467.3c-9.4 9.4-24.6 9.4-33.9 0l-22.2-22.2c-9.5-9.5-9.3-25 .4-34.3L311.4 296H24c-13.3 0-24-10.7-24-24v-32c0-13.3 10.7-24 24-24h287.4L190.9 101.2c-9.8-9.3-10-24.8-.4-34.3z\"><\/path><\/svg><\/span>\r\n                                <\/div>\r\n        <\/a>\r\n    \r\n                    <\/div>\r\n        <div class=\"dbg_e_accordion__close_icon\"><svg class=\"dbg-icon dbg-icon-close\"><use xlink:href=\"#dbg-icon-close\"><\/use><\/svg><\/div><\/div><\/div><\/article><article class=\"elementor-post elementor-grid-item dbg_e_flex_wrap dbg_post_accordion_235813623 post-3146 dbg_cpt_gyik type-dbg_cpt_gyik status-publish format-standard has-post-thumbnail hentry tag-change-shoes tag-dressing tag-gym tag-gym-en tag-hygiene tag-soul-gym-en tag-trainer-suit dbg_cpt_gyik_kategoria-biztonsag-es-higienia-en\">\t\t<div class=\"dbg_e_post__content_wrap dbg_e_flex_wrap dbg_e_accordion_header\">\n\t\t\r\n        <div class=\"dbg_e_mod_post__thumbnail__cover\">\r\n            \r\n            \r\n            <div class=\"elementor-post__thumbnail dbg_e_mod_post__thumbnail__wrap\">\r\n                                    <span class=\"dbg_e_mod_post__thumbnail__inner__link\">\r\n                \r\n                <!-- K\u00e9p megjelen\u00edt\u00e9se img elemk\u00e9nt h\u00e1tt\u00e9rk\u00e9p helyett -->\r\n                <img decoding=\"async\" src=\"https:\/\/soulgym.hu\/wp-content\/uploads\/2025\/01\/sulyzo-sport-konditerem-004-soul-gym-dreamstime-480x320.jpg\" alt=\"What are the dress code and hygiene rules in the room?\" class=\"dbg_e_mod_post__link_thumbnail\" \/>\r\n\r\n                \r\n                                    <\/span>\r\n                            <\/div>\r\n        <\/div>\r\n\r\n        \t\t<div class=\"elementor-post__text\">\n\t\t\t<div class=\"dbg_e_mod_post__text_inner\">\n\t\t\r\n        <h3 class=\"elementor-post__title\">\r\n\r\n                        \r\n                            <span>\r\n            \r\n            What are the dress code and hygiene rules in the room?\r\n                            <\/span>\r\n            \r\n        <\/h3>\r\n\r\n        \t\t<div class=\"elementor-post__meta-data dbg_e_post_meta__wrap dbg_e_flex_wrap\">\n\t\t\t<div class=\"dbg_post_taxonomy dbg_e_flex_wrap\"><a href=\"https:\/\/soulgym.hu\/en\/gyik-kategoria\/biztonsag-es-higienia-en\/\">Biztons\u00e1g \u00e9s higi\u00e9nia<\/a><\/div>        <div class=\"dbg_post_avatar\">\r\n            <img src='https:\/\/soulgym.hu\/wp-content\/uploads\/2025\/02\/soul-gym-logo-profile-150x150.png' class='avatar avatar-20 photo' alt='Soul Gym' height='20' width='20' \/>        <\/div>\r\n        \t\t<span class=\"elementor-post-author\">\n\t\t\tSoul Gym\t\t<\/span>\n\t\t\t\t<span class=\"elementor-post-date\">\n\t\t\t2025. February 15.\t\t<\/span>\n\t\t\t\t<\/div>\n\t\t        <div class=\"elementor-post__excerpt\">\r\n\r\n            <p>All our guests are expected to wear clean workout clothes and change shoes<span class=\"dbg_text_string__append\"> [\u2026]<\/span><\/p>\r\n        <\/div>\r\n        \t\t\t<\/div>\n\t\t<\/div>\n\t\t<div class=\"dbg_e_accordion__indicator\"><div class=\"dbg_e_accordion__indicator__wrap\"><svg class=\"dbg-icon dbg-icon-angle-down\"><use xlink:href=\"#dbg-icon-angle-down\"><\/use><\/svg><\/div><\/div>\t\t<\/div>\n\t\t<div class=\"dbg_e_accordion_content\"><div class=\"dbg_e_post_full_content dbg_e_post_content\">\n<p>All our guests are expected to wear <strong>clean workout clothes<\/strong> and <strong>change shoes<\/strong> during training sessions. Please note that <span style=\"text-decoration: underline;\">poor hygiene\/body odour<\/span>, which may disturb other guests, may result in exclusion from the room.<\/p>\n            <div class=\"elementor-post__read-more-wrapper dbg_e_post__read_more\">\r\n            \r\n        <a class=\"elementor-post__read-more\" href=\"https:\/\/soulgym.hu\/en\/gyik\/what-are-the-dress-code-and-hygiene-rules-in-the-room\/\" aria-label=\"Read more about What are the dress code and hygiene rules in the room?\" >\r\n            <div class=\"dbg_e_post__read_more__inner dbg_e_flex_wrap\">\r\n                                    <span class=\"dbg_e_post__read_more__text\">Read more<\/span>\r\n                                        <span class=\"dbg_e_post__read_more__icon\"><svg aria-hidden=\"true\" class=\"e-font-icon-svg e-fas-arrow-right\" viewBox=\"0 0 448 512\" xmlns=\"http:\/\/www.w3.org\/2000\/svg\"><path d=\"M190.5 66.9l22.2-22.2c9.4-9.4 24.6-9.4 33.9 0L441 239c9.4 9.4 9.4 24.6 0 33.9L246.6 467.3c-9.4 9.4-24.6 9.4-33.9 0l-22.2-22.2c-9.5-9.5-9.3-25 .4-34.3L311.4 296H24c-13.3 0-24-10.7-24-24v-32c0-13.3 10.7-24 24-24h287.4L190.9 101.2c-9.8-9.3-10-24.8-.4-34.3z\"><\/path><\/svg><\/span>\r\n                                <\/div>\r\n        <\/a>\r\n    \r\n                    <\/div>\r\n        <div class=\"dbg_e_accordion__close_icon\"><svg class=\"dbg-icon dbg-icon-close\"><use xlink:href=\"#dbg-icon-close\"><\/use><\/svg><\/div><\/div><\/div><\/article><article class=\"elementor-post elementor-grid-item dbg_e_flex_wrap dbg_post_accordion_235813623 post-3147 dbg_cpt_gyik type-dbg_cpt_gyik status-publish format-standard has-post-thumbnail hentry tag-cleaning-products tag-disinfectant tag-disinfection tag-gym tag-gym-en tag-hygiene tag-soul-gym-en dbg_cpt_gyik_kategoria-biztonsag-es-higienia-en\">\t\t<div class=\"dbg_e_post__content_wrap dbg_e_flex_wrap dbg_e_accordion_header\">\n\t\t\r\n        <div class=\"dbg_e_mod_post__thumbnail__cover\">\r\n            \r\n            \r\n            <div class=\"elementor-post__thumbnail dbg_e_mod_post__thumbnail__wrap\">\r\n                                    <span class=\"dbg_e_mod_post__thumbnail__inner__link\">\r\n                \r\n                <!-- K\u00e9p megjelen\u00edt\u00e9se img elemk\u00e9nt h\u00e1tt\u00e9rk\u00e9p helyett -->\r\n                <img decoding=\"async\" src=\"https:\/\/soulgym.hu\/wp-content\/uploads\/2025\/01\/sulyzo-sport-konditerem-004-soul-gym-dreamstime-480x320.jpg\" alt=\"How do we ensure hygiene?\" class=\"dbg_e_mod_post__link_thumbnail\" \/>\r\n\r\n                \r\n                                    <\/span>\r\n                            <\/div>\r\n        <\/div>\r\n\r\n        \t\t<div class=\"elementor-post__text\">\n\t\t\t<div class=\"dbg_e_mod_post__text_inner\">\n\t\t\r\n        <h3 class=\"elementor-post__title\">\r\n\r\n                        \r\n                            <span>\r\n            \r\n            How do we ensure hygiene?\r\n                            <\/span>\r\n            \r\n        <\/h3>\r\n\r\n        \t\t<div class=\"elementor-post__meta-data dbg_e_post_meta__wrap dbg_e_flex_wrap\">\n\t\t\t<div class=\"dbg_post_taxonomy dbg_e_flex_wrap\"><a href=\"https:\/\/soulgym.hu\/en\/gyik-kategoria\/biztonsag-es-higienia-en\/\">Biztons\u00e1g \u00e9s higi\u00e9nia<\/a><\/div>        <div class=\"dbg_post_avatar\">\r\n            <img src='https:\/\/soulgym.hu\/wp-content\/uploads\/2025\/02\/soul-gym-logo-profile-150x150.png' class='avatar avatar-20 photo' alt='Soul Gym' height='20' width='20' \/>        <\/div>\r\n        \t\t<span class=\"elementor-post-author\">\n\t\t\tSoul Gym\t\t<\/span>\n\t\t\t\t<span class=\"elementor-post-date\">\n\t\t\t2025. February 15.\t\t<\/span>\n\t\t\t\t<\/div>\n\t\t        <div class=\"elementor-post__excerpt\">\r\n\r\n            <p>Regular cleaning is carried out every day of the week, and everyone is asked to<span class=\"dbg_text_string__append\"> [\u2026]<\/span><\/p>\r\n        <\/div>\r\n        \t\t\t<\/div>\n\t\t<\/div>\n\t\t<div class=\"dbg_e_accordion__indicator\"><div class=\"dbg_e_accordion__indicator__wrap\"><svg class=\"dbg-icon dbg-icon-angle-down\"><use xlink:href=\"#dbg-icon-angle-down\"><\/use><\/svg><\/div><\/div>\t\t<\/div>\n\t\t<div class=\"dbg_e_accordion_content\"><div class=\"dbg_e_post_full_content dbg_e_post_content\">\n<p><strong>Regular cleaning<\/strong> is carried out every day of the week, and everyone is asked to <strong>disinfect machines<\/strong> and equipment <strong>afterwards<\/strong>, using the disinfectant cleaning products <strong>provided.<\/strong> <\/p>\n            <div class=\"elementor-post__read-more-wrapper dbg_e_post__read_more\">\r\n            \r\n        <a class=\"elementor-post__read-more\" href=\"https:\/\/soulgym.hu\/en\/gyik\/how-do-we-ensure-hygiene\/\" aria-label=\"Read more about How do we ensure hygiene?\" >\r\n            <div class=\"dbg_e_post__read_more__inner dbg_e_flex_wrap\">\r\n                                    <span class=\"dbg_e_post__read_more__text\">Read more<\/span>\r\n                                        <span class=\"dbg_e_post__read_more__icon\"><svg aria-hidden=\"true\" class=\"e-font-icon-svg e-fas-arrow-right\" viewBox=\"0 0 448 512\" xmlns=\"http:\/\/www.w3.org\/2000\/svg\"><path d=\"M190.5 66.9l22.2-22.2c9.4-9.4 24.6-9.4 33.9 0L441 239c9.4 9.4 9.4 24.6 0 33.9L246.6 467.3c-9.4 9.4-24.6 9.4-33.9 0l-22.2-22.2c-9.5-9.5-9.3-25 .4-34.3L311.4 296H24c-13.3 0-24-10.7-24-24v-32c0-13.3 10.7-24 24-24h287.4L190.9 101.2c-9.8-9.3-10-24.8-.4-34.3z\"><\/path><\/svg><\/span>\r\n                                <\/div>\r\n        <\/a>\r\n    \r\n                    <\/div>\r\n        <div class=\"dbg_e_accordion__close_icon\"><svg class=\"dbg-icon dbg-icon-close\"><use xlink:href=\"#dbg-icon-close\"><\/use><\/svg><\/div><\/div><\/div><\/article><article class=\"elementor-post elementor-grid-item dbg_e_flex_wrap dbg_post_accordion_235813623 post-3148 dbg_cpt_gyik type-dbg_cpt_gyik status-publish format-standard has-post-thumbnail hentry tag-camera tag-gym-en tag-gym tag-minor tag-parental-supervision tag-soul-gym-en dbg_cpt_gyik_kategoria-biztonsag-es-higienia-en\">\t\t<div class=\"dbg_e_post__content_wrap dbg_e_flex_wrap dbg_e_accordion_header\">\n\t\t\r\n        <div class=\"dbg_e_mod_post__thumbnail__cover\">\r\n            \r\n            \r\n            <div class=\"elementor-post__thumbnail dbg_e_mod_post__thumbnail__wrap\">\r\n                                    <span class=\"dbg_e_mod_post__thumbnail__inner__link\">\r\n                \r\n                <!-- K\u00e9p megjelen\u00edt\u00e9se img elemk\u00e9nt h\u00e1tt\u00e9rk\u00e9p helyett -->\r\n                <img decoding=\"async\" src=\"https:\/\/soulgym.hu\/wp-content\/uploads\/2025\/01\/sulyzo-sport-konditerem-004-soul-gym-dreamstime-480x320.jpg\" alt=\"Is the gym safe if I work out alone?\" class=\"dbg_e_mod_post__link_thumbnail\" \/>\r\n\r\n                \r\n                                    <\/span>\r\n                            <\/div>\r\n        <\/div>\r\n\r\n        \t\t<div class=\"elementor-post__text\">\n\t\t\t<div class=\"dbg_e_mod_post__text_inner\">\n\t\t\r\n        <h3 class=\"elementor-post__title\">\r\n\r\n                        \r\n                            <span>\r\n            \r\n            Is the gym safe if I work out alone?\r\n                            <\/span>\r\n            \r\n        <\/h3>\r\n\r\n        \t\t<div class=\"elementor-post__meta-data dbg_e_post_meta__wrap dbg_e_flex_wrap\">\n\t\t\t<div class=\"dbg_post_taxonomy dbg_e_flex_wrap\"><a href=\"https:\/\/soulgym.hu\/en\/gyik-kategoria\/biztonsag-es-higienia-en\/\">Biztons\u00e1g \u00e9s higi\u00e9nia<\/a><\/div>        <div class=\"dbg_post_avatar\">\r\n            <img src='https:\/\/soulgym.hu\/wp-content\/uploads\/2025\/02\/soul-gym-logo-profile-150x150.png' class='avatar avatar-20 photo' alt='Soul Gym' height='20' width='20' \/>        <\/div>\r\n        \t\t<span class=\"elementor-post-author\">\n\t\t\tSoul Gym\t\t<\/span>\n\t\t\t\t<span class=\"elementor-post-date\">\n\t\t\t2025. February 15.\t\t<\/span>\n\t\t\t\t<\/div>\n\t\t        <div class=\"elementor-post__excerpt\">\r\n\r\n            <p>Yes, Soul Gym has a camera system in the gym, operating 0-24 hours. Please use<span class=\"dbg_text_string__append\"> [\u2026]<\/span><\/p>\r\n        <\/div>\r\n        \t\t\t<\/div>\n\t\t<\/div>\n\t\t<div class=\"dbg_e_accordion__indicator\"><div class=\"dbg_e_accordion__indicator__wrap\"><svg class=\"dbg-icon dbg-icon-angle-down\"><use xlink:href=\"#dbg-icon-angle-down\"><\/use><\/svg><\/div><\/div>\t\t<\/div>\n\t\t<div class=\"dbg_e_accordion_content\"><div class=\"dbg_e_post_full_content dbg_e_post_content\">\n<p>Yes, Soul Gym has <strong>a camera system<\/strong> in the gym, operating 0-24 hours.<\/p>\n\n<p>Please use <strong>the machines as intended<\/strong>, we cannot take <span style=\"text-decoration: underline;\">responsibility for your physical safety<\/span>. <span style=\"text-decoration: underline;\">Minors<\/span> are only allowed on the premises under parental supervision.<\/p>\n            <div class=\"elementor-post__read-more-wrapper dbg_e_post__read_more\">\r\n            \r\n        <a class=\"elementor-post__read-more\" href=\"https:\/\/soulgym.hu\/en\/gyik\/is-the-gym-safe-if-i-work-out-alone\/\" aria-label=\"Read more about Is the gym safe if I work out alone?\" >\r\n            <div class=\"dbg_e_post__read_more__inner dbg_e_flex_wrap\">\r\n                                    <span class=\"dbg_e_post__read_more__text\">Read more<\/span>\r\n                                        <span class=\"dbg_e_post__read_more__icon\"><svg aria-hidden=\"true\" class=\"e-font-icon-svg e-fas-arrow-right\" viewBox=\"0 0 448 512\" xmlns=\"http:\/\/www.w3.org\/2000\/svg\"><path d=\"M190.5 66.9l22.2-22.2c9.4-9.4 24.6-9.4 33.9 0L441 239c9.4 9.4 9.4 24.6 0 33.9L246.6 467.3c-9.4 9.4-24.6 9.4-33.9 0l-22.2-22.2c-9.5-9.5-9.3-25 .4-34.3L311.4 296H24c-13.3 0-24-10.7-24-24v-32c0-13.3 10.7-24 24-24h287.4L190.9 101.2c-9.8-9.3-10-24.8-.4-34.3z\"><\/path><\/svg><\/span>\r\n                                <\/div>\r\n        <\/a>\r\n    \r\n                    <\/div>\r\n        <div class=\"dbg_e_accordion__close_icon\"><svg class=\"dbg-icon dbg-icon-close\"><use xlink:href=\"#dbg-icon-close\"><\/use><\/svg><\/div><\/div><\/div><\/article>\t\t<\/div>\n\t\t\t\t\t<span class=\"e-load-more-spinner\">\n\t\t\t\t<svg aria-hidden=\"true\" class=\"e-font-icon-svg e-fas-spinner\" viewBox=\"0 0 512 512\" xmlns=\"http:\/\/www.w3.org\/2000\/svg\"><path d=\"M304 48c0 26.51-21.49 48-48 48s-48-21.49-48-48 21.49-48 48-48 48 21.49 48 48zm-48 368c-26.51 0-48 21.49-48 48s21.49 48 48 48 48-21.49 48-48-21.49-48-48-48zm208-208c-26.51 0-48 21.49-48 48s21.49 48 48 48 48-21.49 48-48-21.49-48-48-48zM96 256c0-26.51-21.49-48-48-48S0 229.49 0 256s21.49 48 48 48 48-21.49 48-48zm12.922 99.078c-26.51 0-48 21.49-48 48s21.49 48 48 48 48-21.49 48-48c0-26.509-21.491-48-48-48zm294.156 0c-26.51 0-48 21.49-48 48s21.49 48 48 48 48-21.49 48-48c0-26.509-21.49-48-48-48zM108.922 60.922c-26.51 0-48 21.49-48 48s21.49 48 48 48 48-21.49 48-48-21.491-48-48-48z\"><\/path><\/svg>\t\t\t<\/span>\n\t\t\n\t\t\t\t<div class=\"e-load-more-anchor\" data-page=\"1\" data-max-page=\"5\" data-next-page=\"https:\/\/soulgym.hu\/en\/wp-json\/wp\/v2\/pages\/3043\/page\/2\/\"><\/div>\n\t\t\t\t<div class=\"elementor-button-wrapper\">\n\t\t\t<a href=\"#\" class=\"elementor-button-link elementor-button\" role=\"button\">\n\t\t\t\t\t\t<span class=\"elementor-button-content-wrapper\">\n\t\t\t\t\t\t\t<span class=\"elementor-button-icon\">\n\t\t\t\t<svg aria-hidden=\"true\" class=\"e-font-icon-svg e-fas-angle-down\" viewBox=\"0 0 320 512\" xmlns=\"http:\/\/www.w3.org\/2000\/svg\"><path d=\"M143 352.3L7 216.3c-9.4-9.4-9.4-24.6 0-33.9l22.6-22.6c9.4-9.4 24.6-9.4 33.9 0l96.4 96.4 96.4-96.4c9.4-9.4 24.6-9.4 33.9 0l22.6 22.6c9.4 9.4 9.4 24.6 0 33.9l-136 136c-9.2 9.4-24.4 9.4-33.8 0z\"><\/path><\/svg>\t\t\t<\/span>\n\t\t\t\t\t\t\t\t\t<span class=\"elementor-button-text\">Load more<\/span>\n\t\t\t\t\t<\/span>\n\t\t\t\t\t<\/a>\n\t\t<\/div>\n\t\t\t\t<div class=\"e-load-more-message\"><\/div>\n\t\t\t\t\t\t<\/div>\n\t\t\t\t<\/div>\n\t\t\t\t\t<\/div>\n\t\t\t\t<\/div>\n\t\t\t\t<\/div>\n\t\t\t\t<\/div>\n\t\t","protected":false},"excerpt":{"rendered":"<p>F.A.Q.<\/p>\n","protected":false},"author":3,"featured_media":0,"parent":0,"menu_order":0,"comment_status":"closed","ping_status":"closed","template":"elementor_header_footer","meta":{"footnotes":""},"class_list":["post-3043","page","type-page","status-publish","hentry"],"meta_box":[],"_links":{"self":[{"href":"https:\/\/soulgym.hu\/en\/wp-json\/wp\/v2\/pages\/3043","targetHints":{"allow":["GET"]}}],"collection":[{"href":"https:\/\/soulgym.hu\/en\/wp-json\/wp\/v2\/pages"}],"about":[{"href":"https:\/\/soulgym.hu\/en\/wp-json\/wp\/v2\/types\/page"}],"author":[{"embeddable":true,"href":"https:\/\/soulgym.hu\/en\/wp-json\/wp\/v2\/users\/3"}],"replies":[{"embeddable":true,"href":"https:\/\/soulgym.hu\/en\/wp-json\/wp\/v2\/comments?post=3043"}],"version-history":[{"count":0,"href":"https:\/\/soulgym.hu\/en\/wp-json\/wp\/v2\/pages\/3043\/revisions"}],"wp:attachment":[{"href":"https:\/\/soulgym.hu\/en\/wp-json\/wp\/v2\/media?parent=3043"}],"curies":[{"name":"wp","href":"https:\/\/api.w.org\/{rel}","templated":true}]}}