{"id":3637,"date":"2025-04-22T03:04:49","date_gmt":"2025-04-22T01:04:49","guid":{"rendered":"https:\/\/soulgym.hu\/?page_id=3637"},"modified":"2025-04-22T06:19:52","modified_gmt":"2025-04-22T04:19:52","slug":"online-booking","status":"publish","type":"page","link":"https:\/\/soulgym.hu\/en\/online-booking\/","title":{"rendered":"Online booking"},"content":{"rendered":"\t\t<div data-elementor-type=\"wp-page\" data-elementor-id=\"3637\" class=\"elementor elementor-3637 elementor-3553\" data-elementor-post-type=\"page\">\n\t\t\t\t<div class=\"elementor-element elementor-element-e7d7f39 e-con-full e-flex e-con e-parent\" data-id=\"e7d7f39\" data-element_type=\"container\">\n\t\t<div class=\"elementor-element elementor-element-8e81f65 dbg_c_responsive e-flex e-con-boxed e-con e-child\" data-id=\"8e81f65\" data-element_type=\"container\">\n\t\t\t\t\t<div class=\"e-con-inner\">\n\t\t\t\t<div class=\"elementor-element elementor-element-844e8dd elementor-widget elementor-widget-dbg-e-icon\" data-id=\"844e8dd\" data-element_type=\"widget\" data-widget_type=\"dbg-e-icon.default\">\n\t\t\t\t<div class=\"elementor-widget-container\">\n\t\t\t\t\t\t\r\n\t\t<div class=\"dbg_e_icon dbg_e_flex_wrap\">\r\n\t\r\n\t\t\t\t\t\t\t<div class=\"dbg_e_icon__wrap dbg_e_flex_wrap\">\r\n\t\t\t<div class=\"dbg_e_icon__icon dbg_e_flex_wrap\"><svg xmlns=\"http:\/\/www.w3.org\/2000\/svg\" xmlns:xlink=\"http:\/\/www.w3.org\/1999\/xlink\" id=\"soul-gym-subtitle-icon\" x=\"0px\" y=\"0px\" viewBox=\"0 0 480 225\" xml:space=\"preserve\"><path id=\"soul-gym-subtitle-icon-fekete\" d=\"M355.1,95.2l-0.7-0.2H30c0,4,0,8,0,12h322.9c2.4,0.8,4.1,3,4.1,5.4 c0.1,2.6-1.6,5-4.2,5.9H0c0,4,0,8,0,12h354.4l0.7-0.2c8.3-2.1,14.1-9.7,13.8-18.1C368.7,104.1,363,97.2,355.1,95.2z\"><\/path><path id=\"soul-gym-subtitle-icon-szin_00000048489125627247412230000011287633568732673458_\" fill=\"#5B99FF\" d=\"M351.7,81.5V17.8 c0-2.5,2-4.5,4.5-4.5h27.6c2.5,0,4.5,2,4.5,4.5v189.3c0,2.5-2,4.5-4.5,4.5h-27.6c-2.5,0-4.5-2-4.5-4.5v-62.7c-4.4,0-8.9,0-13.3,0 v62.7c0,9.8,8,17.8,17.9,17.8h27.6c9.9,0,17.9-8,17.9-17.8V17.8c0-9.8-8-17.8-17.9-17.8h-27.6c-9.9,0-17.9,8-17.9,17.8v63.6H351.7z\"><\/path><path id=\"soul-gym-subtitle-icon-szin_00000057857903338225957390000003483204469529051562_\" fill=\"#5B99FF\" d=\"M425.5,198.1h-21 c-7.5,0-13.6-6.1-13.6-13.6V40.5c0-7.5,6.1-13.6,13.6-13.6h21c7.5,0,13.6,6.1,13.6,13.6v144.1C439.1,192,433,198.1,425.5,198.1z  M404.5,37c-1.9,0-3.4,1.5-3.4,3.4v144.1c0,1.9,1.5,3.4,3.4,3.4h21c1.9,0,3.4-1.5,3.4-3.4V40.5c0-1.9-1.5-3.4-3.4-3.4H404.5z\"><\/path><path id=\"soul-gym-subtitle-icon-szin_00000170985328859628030780000017323115901398710675_\" fill=\"#5B99FF\" d=\"M456.6,178.3h-16.1 c-5.8,0-10.4-4.7-10.4-10.4V57.1c0-5.8,4.7-10.4,10.4-10.4h16.1c5.8,0,10.4,4.7,10.4,10.4v110.7 C467.1,173.6,462.4,178.3,456.6,178.3z M440.5,54.5c-1.5,0-2.6,1.2-2.6,2.6v110.7c0,1.5,1.2,2.6,2.6,2.6h16.1c1.5,0,2.6-1.2,2.6-2.6 V57.1c0-1.5-1.2-2.6-2.6-2.6H440.5z\"><\/path><path id=\"soul-gym-subtitle-icon-szin\" fill=\"#5B99FF\" d=\"M466.8,140c-3.3,0-6-2.7-6-6V91.1c0-3.3,2.7-6,6-6h6.2c3.3,0,6,2.7,6,6 v42.8c0,3.3-2.7,6-6,6H466.8z M472.1,132.9V92.1h-4.3v40.9H472.1z\"><\/path><\/svg><\/div><div class=\"dbg_e_icon__text dbg_e_flex_wrap\"><\/div>\t\t\t\t<\/div>\r\n\t\t\t\t\r\n\t\t<\/div>\r\n\t\r\n\t\t\t\t\t\t<\/div>\n\t\t\t\t<\/div>\n\t\t\t\t<div class=\"elementor-element elementor-element-d8a9d7a elementor-widget elementor-widget-dbg-e-heding\" data-id=\"d8a9d7a\" data-element_type=\"widget\" data-widget_type=\"dbg-e-heding.default\">\n\t\t\t\t<div class=\"elementor-widget-container\">\n\t\t\t\t\t\t\t\n\t\t<div class=\"dbg_heading heading_\">\n\t\t\t<div class=\"dbg_heading_inner\">\n\t\t\t\t<div class=\"dbg_heading_title_wrap\">\n\t\t\t\t\t<h1 class=\"dbg_heading_title\">\t\t\t\t\t\n\t\t\t\t\t\t<span class=\"dbg_ew_heading_title\">\t\t\t\t\t\t\n\t\t\t\t\t\t\t<span style=\"color:var(--e-global-color-primary);\">Book appointments<\/span> online\t\t\t\t\t\t\t\n\t\t\t\t\t\t<\/span>\t\t\t\t\t\t\n\t\t\t\t\t<\/h1>\t\t\t\t<\/div>\n\t\t\t<\/div>\n\t\t<\/div>\n\t\t\n\t\t\t\t\t\t<\/div>\n\t\t\t\t<\/div>\n\t\t\t\t<div class=\"elementor-element elementor-element-a88c15e elementor-widget elementor-widget-dbg-e-separator\" data-id=\"a88c15e\" data-element_type=\"widget\" data-widget_type=\"dbg-e-separator.default\">\n\t\t\t\t<div class=\"elementor-widget-container\">\n\t\t\t\t\t\t\t\r\n\t\t<div class=\"dbg_e_separator\">\r\n\t\t\t<span class=\"dbg_e_separator__wrap\"><\/span>\r\n\t\t<\/div>\r\n\t\t\r\n\t\t\t\t\t\t<\/div>\n\t\t\t\t<\/div>\n\t\t\t\t<div class=\"elementor-element elementor-element-d11cad4 elementor-widget elementor-widget-text-editor\" data-id=\"d11cad4\" data-element_type=\"widget\" data-widget_type=\"text-editor.default\">\n\t\t\t\t\t\t\t\t\t<p>If you have GPass registration, you can choose from the available time slots provided by our personal trainers! The fee for personal training must be arranged directly with the trainer through their provided contact information or in person. Please note that the personal training fee does not include the gym usage fee.<\/p>\n\t\t\t\t\t\t\t\t<\/div>\n\t\t\t\t\t<\/div>\n\t\t\t\t<\/div>\n\t\t\t\t<\/div>\n\t\t<div class=\"elementor-element elementor-element-aa07dcb e-con-full e-flex e-con e-parent\" data-id=\"aa07dcb\" data-element_type=\"container\" data-settings=\"{&quot;background_background&quot;:&quot;classic&quot;}\">\n\t\t<div class=\"elementor-element elementor-element-09635f0 dbg_c_responsive ts__r__default_1 e-flex e-con-boxed e-con e-child\" data-id=\"09635f0\" data-element_type=\"container\">\n\t\t\t\t\t<div class=\"e-con-inner\">\n\t\t<div class=\"elementor-element elementor-element-bf24763 e-con-full ts__c1__default_1 e-flex e-con e-child\" data-id=\"bf24763\" data-element_type=\"container\">\n\t\t\t\t<div class=\"elementor-element elementor-element-82a5606 elementor-widget elementor-widget-html\" data-id=\"82a5606\" data-element_type=\"widget\" data-widget_type=\"html.default\">\n\t\t\t\t\t<script type=\"text\/javascript\" src=\"https:\/\/api.gymbase.hu\/static\/v1\/js\/appointment-booking?id=GB-67C18BA4336E8\"><\/script><script type=\"module\">gbInitAppointments(\"GB-67C18BA4336E8\", \"soulgym\", \"1\");<\/script><div id=\"gb-loadAppointments\"><\/div>\t\t\t\t<\/div>\n\t\t\t\t<\/div>\n\t\t<div class=\"elementor-element elementor-element-7f317e8 e-con-full ts__c2__default_1 e-flex e-con e-child\" data-id=\"7f317e8\" data-element_type=\"container\">\n\t\t\t\t<div class=\"elementor-element elementor-element-efcccf1 dbg_e_post__masked__style_2 dbg_e_post__masked__style_2_has_pseudo elementor-grid-tablet-3 dbg-elementor-posts-flex elementor-grid-mobile_extra-2 elementor-grid-1 elementor-widget elementor-widget-dbg_post_base\" data-id=\"efcccf1\" data-element_type=\"widget\" data-settings=\"{&quot;skin_default_columns_tablet&quot;:&quot;3&quot;,&quot;skin_default_row_gap_tablet_extra&quot;:{&quot;unit&quot;:&quot;px&quot;,&quot;size&quot;:35,&quot;sizes&quot;:[]},&quot;skin_default_columns_mobile_extra&quot;:&quot;2&quot;,&quot;skin_default_row_gap_laptop&quot;:{&quot;unit&quot;:&quot;px&quot;,&quot;size&quot;:30,&quot;sizes&quot;:[]},&quot;skin_default_row_gap_tablet&quot;:{&quot;unit&quot;:&quot;px&quot;,&quot;size&quot;:60,&quot;sizes&quot;:[]},&quot;skin_default_columns&quot;:&quot;1&quot;,&quot;skin_default_row_gap_mobile_extra&quot;:{&quot;unit&quot;:&quot;px&quot;,&quot;size&quot;:30,&quot;sizes&quot;:[]},&quot;skin_default_row_gap&quot;:{&quot;unit&quot;:&quot;px&quot;,&quot;size&quot;:30,&quot;sizes&quot;:[]},&quot;skin_default_row_gap_mobile&quot;:{&quot;unit&quot;:&quot;px&quot;,&quot;size&quot;:&quot;&quot;,&quot;sizes&quot;:[]}}\" data-widget_type=\"dbg_post_base.skin_default\">\n\t\t\t\t<div class=\"elementor-widget-container\">\n\t\t\t\t\t\t\t<div class=\"elementor-posts-container elementor-posts  elementor-posts--skin-skin_default elementor-grid\">\r\n\t\t\r\n\t\t\t\t\r\n\t\t<article class=\"elementor-post elementor-grid-item dbg_e_flex_wrap post-3688 dbg_cpt_munkatars type-dbg_cpt_munkatars status-publish format-standard has-post-thumbnail hentry tag-gym-en tag-personal-trainer tag-soul-gym-en tag-sport-en tag-weight-training dbg_cpt_munkatars_kategoria-edzo-en\">\t\t<div class=\"dbg_e_post__content_wrap dbg_e_flex_wrap\">\r\n\t\t\r\n        <div class=\"dbg_e_mod_post__thumbnail__cover\">\r\n            \r\n            \r\n            <div class=\"elementor-post__thumbnail dbg_e_mod_post__thumbnail__wrap\">\r\n                                    <a class=\"dbg_e_mod_post__thumbnail__inner__link\" href=\"https:\/\/soulgym.hu\/en\/munkatars\/janos-toth\/\" >\r\n                \r\n                <!-- K\u00e9p megjelen\u00edt\u00e9se img elemk\u00e9nt h\u00e1tt\u00e9rk\u00e9p helyett -->\r\n                <img decoding=\"async\" src=\"https:\/\/soulgym.hu\/wp-content\/uploads\/2025\/05\/DDS_3995jk-e1756626233327-300x300.jpg\" alt=\"J\u00e1nos T\u00f3th\" class=\"dbg_e_mod_post__link_thumbnail\" \/>\r\n\r\n                                    <div class=\"dbg_e_mod_post__thumbnail__inner__overlay\"><\/div>\r\n                \r\n                                    <\/a>\r\n                            <\/div>\r\n        <\/div>\r\n\r\n        \t\t<div class=\"elementor-post__text\">\r\n\t\t\t<div class=\"dbg_e_mod_post__text_inner\">\r\n\t\t\r\n        <h3 class=\"elementor-post__title\">\r\n\r\n                        \r\n                            <a href=\"https:\/\/soulgym.hu\/en\/munkatars\/janos-toth\/\" >\r\n            \r\n            J\u00e1nos T\u00f3th\r\n                            <\/a>\r\n            \r\n        <\/h3>\r\n\r\n        <div class=\"dbg_e_post_cc__container dbg_e_post_cc__under_title__container\"><div class=\"dbg_e_post_cc__list dbg_e_post_cc__under_title__list\"><\/div><\/div>            <div class=\"elementor-post__read-more-wrapper dbg_e_post__read_more\">\r\n            \r\n        <a class=\"elementor-post__read-more\" href=\"https:\/\/soulgym.hu\/en\/munkatars\/janos-toth\/\" aria-label=\"Read more about J\u00e1nos T\u00f3th\" >\r\n            <div class=\"dbg_e_post__read_more__inner dbg_e_flex_wrap\">\r\n                                    <span class=\"dbg_e_post__read_more__text\">R\u00e9szletek<\/span>\r\n                                        <span class=\"dbg_e_post__read_more__icon\"><svg aria-hidden=\"true\" class=\"e-font-icon-svg e-fas-long-arrow-alt-right\" viewBox=\"0 0 448 512\" xmlns=\"http:\/\/www.w3.org\/2000\/svg\"><path d=\"M313.941 216H12c-6.627 0-12 5.373-12 12v56c0 6.627 5.373 12 12 12h301.941v46.059c0 21.382 25.851 32.09 40.971 16.971l86.059-86.059c9.373-9.373 9.373-24.569 0-33.941l-86.059-86.059c-15.119-15.119-40.971-4.411-40.971 16.971V216z\"><\/path><\/svg><\/span>\r\n                                <\/div>\r\n        <\/a>\r\n    \r\n                    <\/div>\r\n        \t\t\t<\/div>\r\n\t\t<\/div>\r\n\t\t\t\t<\/div>\r\n\t\t<\/article><article class=\"elementor-post elementor-grid-item dbg_e_flex_wrap post-3689 dbg_cpt_munkatars type-dbg_cpt_munkatars status-publish format-standard has-post-thumbnail hentry tag-gym tag-personal-trainer tag-soul-gym-en tag-sport-en tag-weight-training dbg_cpt_munkatars_kategoria-edzo-en\">\t\t<div class=\"dbg_e_post__content_wrap dbg_e_flex_wrap\">\r\n\t\t\r\n        <div class=\"dbg_e_mod_post__thumbnail__cover\">\r\n            \r\n            \r\n            <div class=\"elementor-post__thumbnail dbg_e_mod_post__thumbnail__wrap\">\r\n                                    <a class=\"dbg_e_mod_post__thumbnail__inner__link\" href=\"https:\/\/soulgym.hu\/en\/munkatars\/patrik-kiss\/\" >\r\n                \r\n                <!-- K\u00e9p megjelen\u00edt\u00e9se img elemk\u00e9nt h\u00e1tt\u00e9rk\u00e9p helyett -->\r\n                <img decoding=\"async\" src=\"https:\/\/soulgym.hu\/wp-content\/uploads\/2025\/05\/DDS_3976jk-e1756626297716-300x300.jpg\" alt=\"Patrik Kiss\" class=\"dbg_e_mod_post__link_thumbnail\" \/>\r\n\r\n                                    <div class=\"dbg_e_mod_post__thumbnail__inner__overlay\"><\/div>\r\n                \r\n                                    <\/a>\r\n                            <\/div>\r\n        <\/div>\r\n\r\n        \t\t<div class=\"elementor-post__text\">\r\n\t\t\t<div class=\"dbg_e_mod_post__text_inner\">\r\n\t\t\r\n        <h3 class=\"elementor-post__title\">\r\n\r\n                        \r\n                            <a href=\"https:\/\/soulgym.hu\/en\/munkatars\/patrik-kiss\/\" >\r\n            \r\n            Patrik Kiss\r\n                            <\/a>\r\n            \r\n        <\/h3>\r\n\r\n        <div class=\"dbg_e_post_cc__container dbg_e_post_cc__under_title__container\"><div class=\"dbg_e_post_cc__list dbg_e_post_cc__under_title__list\"><\/div><\/div>            <div class=\"elementor-post__read-more-wrapper dbg_e_post__read_more\">\r\n            \r\n        <a class=\"elementor-post__read-more\" href=\"https:\/\/soulgym.hu\/en\/munkatars\/patrik-kiss\/\" aria-label=\"Read more about Patrik Kiss\" >\r\n            <div class=\"dbg_e_post__read_more__inner dbg_e_flex_wrap\">\r\n                                    <span class=\"dbg_e_post__read_more__text\">R\u00e9szletek<\/span>\r\n                                        <span class=\"dbg_e_post__read_more__icon\"><svg aria-hidden=\"true\" class=\"e-font-icon-svg e-fas-long-arrow-alt-right\" viewBox=\"0 0 448 512\" xmlns=\"http:\/\/www.w3.org\/2000\/svg\"><path d=\"M313.941 216H12c-6.627 0-12 5.373-12 12v56c0 6.627 5.373 12 12 12h301.941v46.059c0 21.382 25.851 32.09 40.971 16.971l86.059-86.059c9.373-9.373 9.373-24.569 0-33.941l-86.059-86.059c-15.119-15.119-40.971-4.411-40.971 16.971V216z\"><\/path><\/svg><\/span>\r\n                                <\/div>\r\n        <\/a>\r\n    \r\n                    <\/div>\r\n        \t\t\t<\/div>\r\n\t\t<\/div>\r\n\t\t\t\t<\/div>\r\n\t\t<\/article><article class=\"elementor-post elementor-grid-item dbg_e_flex_wrap post-3210 dbg_cpt_munkatars type-dbg_cpt_munkatars status-publish format-standard has-post-thumbnail hentry tag-personal-trainer tag-soul-gym-en tag-staff-member dbg_cpt_munkatars_kategoria-edzo-en\">\t\t<div class=\"dbg_e_post__content_wrap dbg_e_flex_wrap\">\r\n\t\t\r\n        <div class=\"dbg_e_mod_post__thumbnail__cover\">\r\n            \r\n            \r\n            <div class=\"elementor-post__thumbnail dbg_e_mod_post__thumbnail__wrap\">\r\n                                    <a class=\"dbg_e_mod_post__thumbnail__inner__link\" href=\"https:\/\/soulgym.hu\/en\/munkatars\/szilvia-gard-bodo\/\" >\r\n                \r\n                <!-- K\u00e9p megjelen\u00edt\u00e9se img elemk\u00e9nt h\u00e1tt\u00e9rk\u00e9p helyett -->\r\n                <img decoding=\"async\" src=\"https:\/\/soulgym.hu\/wp-content\/uploads\/2025\/04\/gard-bodo-szilvia-soul-gym-thumbnail-300x300.jpg\" alt=\"Szilvia Gard-Bod\u00f3\" class=\"dbg_e_mod_post__link_thumbnail\" \/>\r\n\r\n                                    <div class=\"dbg_e_mod_post__thumbnail__inner__overlay\"><\/div>\r\n                \r\n                                    <\/a>\r\n                            <\/div>\r\n        <\/div>\r\n\r\n        \t\t<div class=\"elementor-post__text\">\r\n\t\t\t<div class=\"dbg_e_mod_post__text_inner\">\r\n\t\t\r\n        <h3 class=\"elementor-post__title\">\r\n\r\n                        \r\n                            <a href=\"https:\/\/soulgym.hu\/en\/munkatars\/szilvia-gard-bodo\/\" >\r\n            \r\n            Szilvia Gard-Bod\u00f3\r\n                            <\/a>\r\n            \r\n        <\/h3>\r\n\r\n        <div class=\"dbg_e_post_cc__container dbg_e_post_cc__under_title__container\"><div class=\"dbg_e_post_cc__list dbg_e_post_cc__under_title__list\"><div class=\"dbg_e_post_cc__item dbg_e_post_cc__under_title__item\"><div class=\"dbg_e_post_cc__text dbg_e_post_cc__under_title__text\"><div class=\"dbg_e_post_cc__text_wrap dbg_e_post_cc__under_title__text_wrap dbg_e_flex_wrap\"><span class=\"dbg_e_post_cc__text_content dbg_e_post_cc__under_title__text_content dbg_e_flex_wrap\"><span class=\"dbg_e_post_cc__text_text dbg_e_post_cc__under_title__text_text\">Personal trainer, Physiotherapist<\/span><\/span><\/div><\/div><\/div><\/div><\/div>            <div class=\"elementor-post__read-more-wrapper dbg_e_post__read_more\">\r\n            \r\n        <a class=\"elementor-post__read-more\" href=\"https:\/\/soulgym.hu\/en\/munkatars\/szilvia-gard-bodo\/\" aria-label=\"Read more about Szilvia Gard-Bod\u00f3\" >\r\n            <div class=\"dbg_e_post__read_more__inner dbg_e_flex_wrap\">\r\n                                    <span class=\"dbg_e_post__read_more__text\">R\u00e9szletek<\/span>\r\n                                        <span class=\"dbg_e_post__read_more__icon\"><svg aria-hidden=\"true\" class=\"e-font-icon-svg e-fas-long-arrow-alt-right\" viewBox=\"0 0 448 512\" xmlns=\"http:\/\/www.w3.org\/2000\/svg\"><path d=\"M313.941 216H12c-6.627 0-12 5.373-12 12v56c0 6.627 5.373 12 12 12h301.941v46.059c0 21.382 25.851 32.09 40.971 16.971l86.059-86.059c9.373-9.373 9.373-24.569 0-33.941l-86.059-86.059c-15.119-15.119-40.971-4.411-40.971 16.971V216z\"><\/path><\/svg><\/span>\r\n                                <\/div>\r\n        <\/a>\r\n    \r\n                    <\/div>\r\n        \t\t\t<\/div>\r\n\t\t<\/div>\r\n\t\t\t\t<\/div>\r\n\t\t<\/article><article class=\"elementor-post elementor-grid-item dbg_e_flex_wrap post-3211 dbg_cpt_munkatars type-dbg_cpt_munkatars status-publish format-standard has-post-thumbnail hentry tag-bikini-fitness-en tag-competition tag-fitness-en tag-personal-trainer tag-personal-training tag-physiotherapy tag-soul-gym-en tag-spartan-race-en tag-sport-en tag-staff-member tag-steeplechase tag-weight-training dbg_cpt_munkatars_kategoria-edzo-en\">\t\t<div class=\"dbg_e_post__content_wrap dbg_e_flex_wrap\">\r\n\t\t\r\n        <div class=\"dbg_e_mod_post__thumbnail__cover\">\r\n            \r\n            \r\n            <div class=\"elementor-post__thumbnail dbg_e_mod_post__thumbnail__wrap\">\r\n                                    <a class=\"dbg_e_mod_post__thumbnail__inner__link\" href=\"https:\/\/soulgym.hu\/en\/munkatars\/csenge-zalani-kiss-luca\/\" >\r\n                \r\n                <!-- K\u00e9p megjelen\u00edt\u00e9se img elemk\u00e9nt h\u00e1tt\u00e9rk\u00e9p helyett -->\r\n                <img decoding=\"async\" src=\"https:\/\/soulgym.hu\/wp-content\/uploads\/2025\/04\/zalani-kiss-luca-csenge-soul-gym-thumbnail-300x300.jpg\" alt=\"Csenge Zal\u00e1ni-Kiss Luca\" class=\"dbg_e_mod_post__link_thumbnail\" \/>\r\n\r\n                                    <div class=\"dbg_e_mod_post__thumbnail__inner__overlay\"><\/div>\r\n                \r\n                                    <\/a>\r\n                            <\/div>\r\n        <\/div>\r\n\r\n        \t\t<div class=\"elementor-post__text\">\r\n\t\t\t<div class=\"dbg_e_mod_post__text_inner\">\r\n\t\t\r\n        <h3 class=\"elementor-post__title\">\r\n\r\n                        \r\n                            <a href=\"https:\/\/soulgym.hu\/en\/munkatars\/csenge-zalani-kiss-luca\/\" >\r\n            \r\n            Csenge Zal\u00e1ni-Kiss Luca\r\n                            <\/a>\r\n            \r\n        <\/h3>\r\n\r\n        <div class=\"dbg_e_post_cc__container dbg_e_post_cc__under_title__container\"><div class=\"dbg_e_post_cc__list dbg_e_post_cc__under_title__list\"><div class=\"dbg_e_post_cc__item dbg_e_post_cc__under_title__item\"><div class=\"dbg_e_post_cc__text dbg_e_post_cc__under_title__text\"><div class=\"dbg_e_post_cc__text_wrap dbg_e_post_cc__under_title__text_wrap dbg_e_flex_wrap\"><span class=\"dbg_e_post_cc__text_content dbg_e_post_cc__under_title__text_content dbg_e_flex_wrap\"><span class=\"dbg_e_post_cc__text_text dbg_e_post_cc__under_title__text_text\">Personal trainer, Physiotherapist<\/span><\/span><\/div><\/div><\/div><\/div><\/div>            <div class=\"elementor-post__read-more-wrapper dbg_e_post__read_more\">\r\n            \r\n        <a class=\"elementor-post__read-more\" href=\"https:\/\/soulgym.hu\/en\/munkatars\/csenge-zalani-kiss-luca\/\" aria-label=\"Read more about Csenge Zal\u00e1ni-Kiss Luca\" >\r\n            <div class=\"dbg_e_post__read_more__inner dbg_e_flex_wrap\">\r\n                                    <span class=\"dbg_e_post__read_more__text\">R\u00e9szletek<\/span>\r\n                                        <span class=\"dbg_e_post__read_more__icon\"><svg aria-hidden=\"true\" class=\"e-font-icon-svg e-fas-long-arrow-alt-right\" viewBox=\"0 0 448 512\" xmlns=\"http:\/\/www.w3.org\/2000\/svg\"><path d=\"M313.941 216H12c-6.627 0-12 5.373-12 12v56c0 6.627 5.373 12 12 12h301.941v46.059c0 21.382 25.851 32.09 40.971 16.971l86.059-86.059c9.373-9.373 9.373-24.569 0-33.941l-86.059-86.059c-15.119-15.119-40.971-4.411-40.971 16.971V216z\"><\/path><\/svg><\/span>\r\n                                <\/div>\r\n        <\/a>\r\n    \r\n                    <\/div>\r\n        \t\t\t<\/div>\r\n\t\t<\/div>\r\n\t\t\t\t<\/div>\r\n\t\t<\/article><article class=\"elementor-post elementor-grid-item dbg_e_flex_wrap post-3212 dbg_cpt_munkatars type-dbg_cpt_munkatars status-publish format-standard has-post-thumbnail hentry tag-expert-advice tag-lifestyle tag-nutrition tag-personal-trainer tag-rehabilitation tag-soul-gym-en tag-sport-en tag-staff-member tag-training tag-university dbg_cpt_munkatars_kategoria-edzo-en\">\t\t<div class=\"dbg_e_post__content_wrap dbg_e_flex_wrap\">\r\n\t\t\r\n        <div class=\"dbg_e_mod_post__thumbnail__cover\">\r\n            \r\n            \r\n            <div class=\"elementor-post__thumbnail dbg_e_mod_post__thumbnail__wrap\">\r\n                                    <a class=\"dbg_e_mod_post__thumbnail__inner__link\" href=\"https:\/\/soulgym.hu\/en\/munkatars\/gard-richard\/\" >\r\n                \r\n                <!-- K\u00e9p megjelen\u00edt\u00e9se img elemk\u00e9nt h\u00e1tt\u00e9rk\u00e9p helyett -->\r\n                <img decoding=\"async\" src=\"https:\/\/soulgym.hu\/wp-content\/uploads\/2025\/04\/gard-richard-soul-gym-thumbnail-300x300.jpg\" alt=\"Gard Richard\" class=\"dbg_e_mod_post__link_thumbnail\" \/>\r\n\r\n                                    <div class=\"dbg_e_mod_post__thumbnail__inner__overlay\"><\/div>\r\n                \r\n                                    <\/a>\r\n                            <\/div>\r\n        <\/div>\r\n\r\n        \t\t<div class=\"elementor-post__text\">\r\n\t\t\t<div class=\"dbg_e_mod_post__text_inner\">\r\n\t\t\r\n        <h3 class=\"elementor-post__title\">\r\n\r\n                        \r\n                            <a href=\"https:\/\/soulgym.hu\/en\/munkatars\/gard-richard\/\" >\r\n            \r\n            Gard Richard\r\n                            <\/a>\r\n            \r\n        <\/h3>\r\n\r\n        <div class=\"dbg_e_post_cc__container dbg_e_post_cc__under_title__container\"><div class=\"dbg_e_post_cc__list dbg_e_post_cc__under_title__list\"><div class=\"dbg_e_post_cc__item dbg_e_post_cc__under_title__item\"><div class=\"dbg_e_post_cc__text dbg_e_post_cc__under_title__text\"><div class=\"dbg_e_post_cc__text_wrap dbg_e_post_cc__under_title__text_wrap dbg_e_flex_wrap\"><span class=\"dbg_e_post_cc__text_content dbg_e_post_cc__under_title__text_content dbg_e_flex_wrap\"><span class=\"dbg_e_post_cc__text_text dbg_e_post_cc__under_title__text_text\">Personal trainer, Rehabilitation trainer, Masseur<\/span><\/span><\/div><\/div><\/div><\/div><\/div>            <div class=\"elementor-post__read-more-wrapper dbg_e_post__read_more\">\r\n            \r\n        <a class=\"elementor-post__read-more\" href=\"https:\/\/soulgym.hu\/en\/munkatars\/gard-richard\/\" aria-label=\"Read more about Gard Richard\" >\r\n            <div class=\"dbg_e_post__read_more__inner dbg_e_flex_wrap\">\r\n                                    <span class=\"dbg_e_post__read_more__text\">R\u00e9szletek<\/span>\r\n                                        <span class=\"dbg_e_post__read_more__icon\"><svg aria-hidden=\"true\" class=\"e-font-icon-svg e-fas-long-arrow-alt-right\" viewBox=\"0 0 448 512\" xmlns=\"http:\/\/www.w3.org\/2000\/svg\"><path d=\"M313.941 216H12c-6.627 0-12 5.373-12 12v56c0 6.627 5.373 12 12 12h301.941v46.059c0 21.382 25.851 32.09 40.971 16.971l86.059-86.059c9.373-9.373 9.373-24.569 0-33.941l-86.059-86.059c-15.119-15.119-40.971-4.411-40.971 16.971V216z\"><\/path><\/svg><\/span>\r\n                                <\/div>\r\n        <\/a>\r\n    \r\n                    <\/div>\r\n        \t\t\t<\/div>\r\n\t\t<\/div>\r\n\t\t\t\t<\/div>\r\n\t\t<\/article>\t\t<\/div>\r\n\t\t\r\n\t\t\t\t\t\t<\/div>\n\t\t\t\t<\/div>\n\t\t\t\t<div class=\"elementor-element elementor-element-b2442f9 elementor-widget elementor-widget-dbg-e-separator\" data-id=\"b2442f9\" data-element_type=\"widget\" data-widget_type=\"dbg-e-separator.default\">\n\t\t\t\t<div class=\"elementor-widget-container\">\n\t\t\t\t\t\t\t\r\n\t\t<div class=\"dbg_e_separator\">\r\n\t\t\t<span class=\"dbg_e_separator__wrap\"><\/span>\r\n\t\t<\/div>\r\n\t\t\r\n\t\t\t\t\t\t<\/div>\n\t\t\t\t<\/div>\n\t\t\t\t<div class=\"elementor-element elementor-element-ff66ee9 dbg_e_button elementor-align-left elementor-tablet-align-center elementor-widget elementor-widget-button\" data-id=\"ff66ee9\" data-element_type=\"widget\" data-widget_type=\"button.default\">\n\t\t\t\t\t\t\t\t\t\t<a class=\"elementor-button elementor-button-link elementor-size-sm\" href=\"https:\/\/soulgym.hu\/en\/our-trainers\/\">\n\t\t\t\t\t\t<span class=\"elementor-button-content-wrapper\">\n\t\t\t\t\t\t<span class=\"elementor-button-icon\">\n\t\t\t\t<svg aria-hidden=\"true\" class=\"e-font-icon-svg e-fas-angle-right\" viewBox=\"0 0 256 512\" xmlns=\"http:\/\/www.w3.org\/2000\/svg\"><path d=\"M224.3 273l-136 136c-9.4 9.4-24.6 9.4-33.9 0l-22.6-22.6c-9.4-9.4-9.4-24.6 0-33.9l96.4-96.4-96.4-96.4c-9.4-9.4-9.4-24.6 0-33.9L54.3 103c9.4-9.4 24.6-9.4 33.9 0l136 136c9.5 9.4 9.5 24.6.1 34z\"><\/path><\/svg>\t\t\t<\/span>\n\t\t\t\t\t\t\t\t\t<span class=\"elementor-button-text\">Our Trainers<\/span>\n\t\t\t\t\t<\/span>\n\t\t\t\t\t<\/a>\n\t\t\t\t\t\t\t\t<\/div>\n\t\t\t\t<\/div>\n\t\t\t\t\t<\/div>\n\t\t\t\t<\/div>\n\t\t\t\t<\/div>\n\t\t\t\t<\/div>\n\t\t","protected":false},"excerpt":{"rendered":"<p>Our Trainers<\/p>\n","protected":false},"author":3,"featured_media":0,"parent":0,"menu_order":0,"comment_status":"closed","ping_status":"closed","template":"elementor_header_footer","meta":{"footnotes":""},"class_list":["post-3637","page","type-page","status-publish","hentry"],"meta_box":[],"_links":{"self":[{"href":"https:\/\/soulgym.hu\/en\/wp-json\/wp\/v2\/pages\/3637","targetHints":{"allow":["GET"]}}],"collection":[{"href":"https:\/\/soulgym.hu\/en\/wp-json\/wp\/v2\/pages"}],"about":[{"href":"https:\/\/soulgym.hu\/en\/wp-json\/wp\/v2\/types\/page"}],"author":[{"embeddable":true,"href":"https:\/\/soulgym.hu\/en\/wp-json\/wp\/v2\/users\/3"}],"replies":[{"embeddable":true,"href":"https:\/\/soulgym.hu\/en\/wp-json\/wp\/v2\/comments?post=3637"}],"version-history":[{"count":0,"href":"https:\/\/soulgym.hu\/en\/wp-json\/wp\/v2\/pages\/3637\/revisions"}],"wp:attachment":[{"href":"https:\/\/soulgym.hu\/en\/wp-json\/wp\/v2\/media?parent=3637"}],"curies":[{"name":"wp","href":"https:\/\/api.w.org\/{rel}","templated":true}]}}